{"id":37248,"date":"2019-01-15T10:03:47","date_gmt":"2019-01-15T10:03:47","guid":{"rendered":"https:\/\/luciellong.com\/?page_id=37248"},"modified":"2023-12-30T18:13:42","modified_gmt":"2023-12-30T18:13:42","slug":"pop-art-gallery","status":"publish","type":"page","link":"https:\/\/luciellong.com\/en\/pop-art-gallery\/","title":{"rendered":"POP ART Gallery"},"content":{"rendered":"\t\t<div data-elementor-type=\"wp-page\" data-elementor-id=\"37248\" class=\"elementor elementor-37248 elementor-37247\" data-elementor-post-type=\"page\">\n\t\t\t\t\t\t<section class=\"elementor-section elementor-top-section elementor-element elementor-element-3a5e88ce elementor-section-content-middle elementor-section-boxed elementor-section-height-default elementor-section-height-default\" data-id=\"3a5e88ce\" data-element_type=\"section\">\n\t\t\t\t\t\t<div class=\"elementor-container elementor-column-gap-default\">\n\t\t\t\t\t<div class=\"elementor-column elementor-col-33 elementor-top-column elementor-element elementor-element-633a64b4\" data-id=\"633a64b4\" data-element_type=\"column\">\n\t\t\t<div class=\"elementor-widget-wrap elementor-element-populated\">\n\t\t\t\t\t\t<div class=\"elementor-element elementor-element-415be311 elementor-widget elementor-widget-image\" data-id=\"415be311\" data-element_type=\"widget\" data-widget_type=\"image.default\">\n\t\t\t\t<div class=\"elementor-widget-container\">\n\t\t\t\t\t\t\t\t\t\t\t\t\t\t\t<img fetchpriority=\"high\" decoding=\"async\" width=\"522\" height=\"500\" src=\"https:\/\/luciellong.com\/wp-content\/uploads\/2020\/05\/art_lucie_llong_pop_art_singe.jpg\" class=\"attachment-full size-full wp-image-40410\" alt=\"\" srcset=\"https:\/\/luciellong.com\/wp-content\/uploads\/2020\/05\/art_lucie_llong_pop_art_singe.jpg 522w, https:\/\/luciellong.com\/wp-content\/uploads\/2020\/05\/art_lucie_llong_pop_art_singe-300x287.jpg 300w\" sizes=\"(max-width: 522px) 100vw, 522px\" \/>\t\t\t\t\t\t\t\t\t\t\t\t\t\t\t<\/div>\n\t\t\t\t<\/div>\n\t\t\t\t<div class=\"elementor-element elementor-element-7fe371a elementor-widget elementor-widget-heading\" data-id=\"7fe371a\" data-element_type=\"widget\" data-widget_type=\"heading.default\">\n\t\t\t\t<div class=\"elementor-widget-container\">\n\t\t\t\t\t<h2 class=\"elementor-heading-title elementor-size-default\">Lucie LLONG<\/h2>\t\t\t\t<\/div>\n\t\t\t\t<\/div>\n\t\t\t\t<div class=\"elementor-element elementor-element-4dbcd7f8 elementor-headline--style-highlight elementor-widget elementor-widget-animated-headline\" data-id=\"4dbcd7f8\" data-element_type=\"widget\" data-settings=\"{&quot;marker&quot;:&quot;underline&quot;,&quot;highlighted_text&quot;:&quot;Artiste Peintre du mouvement&quot;,&quot;headline_style&quot;:&quot;highlight&quot;,&quot;loop&quot;:&quot;yes&quot;,&quot;highlight_animation_duration&quot;:1200,&quot;highlight_iteration_delay&quot;:8000}\" data-widget_type=\"animated-headline.default\">\n\t\t\t\t<div class=\"elementor-widget-container\">\n\t\t\t\t\t\t\t<h4 class=\"elementor-headline\">\n\t\t\t\t<span class=\"elementor-headline-dynamic-wrapper elementor-headline-text-wrapper\">\n\t\t\t\t\t<span class=\"elementor-headline-dynamic-text elementor-headline-text-active\">Artiste Peintre du mouvement<\/span>\n\t\t\t\t<\/span>\n\t\t\t\t<\/h4>\n\t\t\t\t\t\t<\/div>\n\t\t\t\t<\/div>\n\t\t\t\t<div class=\"elementor-element elementor-element-16508553 elementor-shape-rounded elementor-grid-0 e-grid-align-center elementor-widget elementor-widget-social-icons\" data-id=\"16508553\" data-element_type=\"widget\" data-widget_type=\"social-icons.default\">\n\t\t\t\t<div class=\"elementor-widget-container\">\n\t\t\t\t\t\t\t<div class=\"elementor-social-icons-wrapper elementor-grid\" role=\"list\">\n\t\t\t\t\t\t\t<span class=\"elementor-grid-item\" role=\"listitem\">\n\t\t\t\t\t<a class=\"elementor-icon elementor-social-icon elementor-social-icon-facebook elementor-repeater-item-f7dca0c\" href=\"https:\/\/www.facebook.com\/LucieLLONG.Artiste\/\" target=\"_blank\">\n\t\t\t\t\t\t<span class=\"elementor-screen-only\">Facebook<\/span>\n\t\t\t\t\t\t<i aria-hidden=\"true\" class=\"fab fa-facebook\"><\/i>\t\t\t\t\t<\/a>\n\t\t\t\t<\/span>\n\t\t\t\t\t\t\t<span class=\"elementor-grid-item\" role=\"listitem\">\n\t\t\t\t\t<a class=\"elementor-icon elementor-social-icon elementor-social-icon-instagram elementor-repeater-item-b2527b1\" href=\"https:\/\/www.instagram.com\/luciellong\/?hl=fr\" target=\"_blank\">\n\t\t\t\t\t\t<span class=\"elementor-screen-only\">Instagram<\/span>\n\t\t\t\t\t\t<i aria-hidden=\"true\" class=\"fab fa-instagram\"><\/i>\t\t\t\t\t<\/a>\n\t\t\t\t<\/span>\n\t\t\t\t\t\t\t<span class=\"elementor-grid-item\" role=\"listitem\">\n\t\t\t\t\t<a class=\"elementor-icon elementor-social-icon elementor-social-icon-youtube elementor-repeater-item-44a2ecd\" href=\"https:\/\/www.youtube.com\/channel\/UC_ZOADSxS33RPPCF8LFnTdw\" target=\"_blank\">\n\t\t\t\t\t\t<span class=\"elementor-screen-only\">Youtube<\/span>\n\t\t\t\t\t\t<i aria-hidden=\"true\" class=\"fab fa-youtube\"><\/i>\t\t\t\t\t<\/a>\n\t\t\t\t<\/span>\n\t\t\t\t\t\t\t<span class=\"elementor-grid-item\" role=\"listitem\">\n\t\t\t\t\t<a class=\"elementor-icon elementor-social-icon elementor-social-icon-linkedin elementor-repeater-item-8ba307e\" href=\"https:\/\/www.linkedin.com\/in\/lucie-llong-artiste-peintre\" target=\"_blank\">\n\t\t\t\t\t\t<span class=\"elementor-screen-only\">Linkedin<\/span>\n\t\t\t\t\t\t<i aria-hidden=\"true\" class=\"fab fa-linkedin\"><\/i>\t\t\t\t\t<\/a>\n\t\t\t\t<\/span>\n\t\t\t\t\t\t\t<span class=\"elementor-grid-item\" role=\"listitem\">\n\t\t\t\t\t<a class=\"elementor-icon elementor-social-icon elementor-social-icon-envelope elementor-repeater-item-2e6db39\" href=\"mailto:contact@luciellong.com\" target=\"_blank\">\n\t\t\t\t\t\t<span class=\"elementor-screen-only\">Envelope<\/span>\n\t\t\t\t\t\t<i aria-hidden=\"true\" class=\"fas fa-envelope\"><\/i>\t\t\t\t\t<\/a>\n\t\t\t\t<\/span>\n\t\t\t\t\t\t\t<span class=\"elementor-grid-item\" role=\"listitem\">\n\t\t\t\t\t<a class=\"elementor-icon elementor-social-icon elementor-social-icon-phone-alt elementor-repeater-item-9300e98\" href=\"tel:0685287766\" target=\"_blank\">\n\t\t\t\t\t\t<span class=\"elementor-screen-only\">Phone-alt<\/span>\n\t\t\t\t\t\t<i aria-hidden=\"true\" class=\"fas fa-phone-alt\"><\/i>\t\t\t\t\t<\/a>\n\t\t\t\t<\/span>\n\t\t\t\t\t<\/div>\n\t\t\t\t\t\t<\/div>\n\t\t\t\t<\/div>\n\t\t\t\t\t<\/div>\n\t\t<\/div>\n\t\t\t\t<div class=\"elementor-column elementor-col-66 elementor-top-column elementor-element elementor-element-4aacf0b\" data-id=\"4aacf0b\" data-element_type=\"column\">\n\t\t\t<div class=\"elementor-widget-wrap elementor-element-populated\">\n\t\t\t\t\t\t<div class=\"elementor-element elementor-element-1fcf6ed7 elementor-widget elementor-widget-text-editor\" data-id=\"1fcf6ed7\" data-element_type=\"widget\" data-widget_type=\"text-editor.default\">\n\t\t\t\t<div class=\"elementor-widget-container\">\n\t\t\t\t\t\t\t\t\t<section class=\"shortcode-action-box table shortcode-action-bg block-style-widget\"><div class=\"\"><h4><span style=\"text-decoration: underline;\"><strong>La galerie virtuelle POP ART<br \/><\/strong><\/span><\/h4><p>Cette galerie virtuelle pr\u00e9sente certaines de mes \u0153uvres POP ART.<\/p><p>Des\u00a0peintures sur d&#8217;autres th\u00e9matiques ( sport paysage, abstrait, etc &#8230;) sont aussi visibles dans la rubrique galerie de ce site.<\/p><p>Toutes mes \u0153uvres sont accompagn\u00e9es d&#8217;un certificat d&#8217;authenticit\u00e9. Il atteste que ce tableau a\u00a0bien \u00e9t\u00e9 peint par moi et de ma cotation\u00a0actuelle.<\/p><p>\u00a0<\/p><h4><span style=\"text-decoration: underline;\">Cr\u00e9ations \u00e0 la demande<\/span><\/h4><p>Je cr\u00e9e aussi des \u0153uvres personnalis\u00e9es aux couleurs et sujets de votre choix afin d\u2019adapter mes cr\u00e9ations \u00e0 vos envies ou \u00e0 votre int\u00e9rieur.<\/p><\/div><\/section>\t\t\t\t\t\t\t\t<\/div>\n\t\t\t\t<\/div>\n\t\t\t\t<section class=\"elementor-section elementor-inner-section elementor-element elementor-element-684b36b0 elementor-section-boxed elementor-section-height-default elementor-section-height-default\" data-id=\"684b36b0\" data-element_type=\"section\">\n\t\t\t\t\t\t<div class=\"elementor-container elementor-column-gap-default\">\n\t\t\t\t\t<div class=\"elementor-column elementor-col-50 elementor-inner-column elementor-element elementor-element-4b35900b\" data-id=\"4b35900b\" data-element_type=\"column\">\n\t\t\t<div class=\"elementor-widget-wrap elementor-element-populated\">\n\t\t\t\t\t\t<div class=\"elementor-element elementor-element-7dfc14c6 premium-lq__none elementor-widget elementor-widget-premium-addon-button\" data-id=\"7dfc14c6\" data-element_type=\"widget\" data-widget_type=\"premium-addon-button.default\">\n\t\t\t\t<div class=\"elementor-widget-container\">\n\t\t\t\t\t\n\n\t\t<a class=\"premium-button premium-button-none premium-btn-block premium-button-none\" href=\"https:\/\/luciellong.com\/creation-personnalisee-2\/\">\n\t\t\t<div class=\"premium-button-text-icon-wrapper\">\n\t\t\t\t\n\t\t\t\t\t\t\t\t\t\t\t\t\t\t\t\t\t\t<svg class=\"svg-inline--fas-fa-paint-brush premium-drawable-icon premium-svg-nodraw\" aria-hidden='true' xmlns='http:\/\/www.w3.org\/2000\/svg' viewBox='0 0 512 512'><path d=\"M167.02 309.34c-40.12 2.58-76.53 17.86-97.19 72.3-2.35 6.21-8 9.98-14.59 9.98-11.11 0-45.46-27.67-55.25-34.35C0 439.62 37.93 512 128 512c75.86 0 128-43.77 128-120.19 0-3.11-.65-6.08-.97-9.13l-88.01-73.34zM457.89 0c-15.16 0-29.37 6.71-40.21 16.45C213.27 199.05 192 203.34 192 257.09c0 13.7 3.25 26.76 8.73 38.7l63.82 53.18c7.21 1.8 14.64 3.03 22.39 3.03 62.11 0 98.11-45.47 211.16-256.46 7.38-14.35 13.9-29.85 13.9-45.99C512 20.64 486 0 457.89 0z\"><\/path><\/svg>\t\t\t\t\t\t\t\t\t\t\t\t\t\t\t\n\t\t\t\t\t\t\t\t\t<span >\n\t\t\t\t\t\tCr\u00e9ations personnalis\u00e9es\t\t\t\t\t<\/span>\n\t\t\t\t\t\t\t<\/div>\n\n\t\t\t\n\t\t\t\n\t\t\t\n\t\t<\/a>\n\n\n\t\t\t\t\t\t<\/div>\n\t\t\t\t<\/div>\n\t\t\t\t\t<\/div>\n\t\t<\/div>\n\t\t\t\t<div class=\"elementor-column elementor-col-50 elementor-inner-column elementor-element elementor-element-65211ffb\" data-id=\"65211ffb\" data-element_type=\"column\">\n\t\t\t<div class=\"elementor-widget-wrap elementor-element-populated\">\n\t\t\t\t\t\t<div class=\"elementor-element elementor-element-5452c3f6 premium-lq__none elementor-widget elementor-widget-premium-addon-button\" data-id=\"5452c3f6\" data-element_type=\"widget\" data-widget_type=\"premium-addon-button.default\">\n\t\t\t\t<div class=\"elementor-widget-container\">\n\t\t\t\t\t\n\n\t\t<a class=\"premium-button premium-button-none premium-btn-block premium-button-none\" href=\"https:\/\/luciellong.com\/contact\/\">\n\t\t\t<div class=\"premium-button-text-icon-wrapper\">\n\t\t\t\t\n\t\t\t\t\t\t\t\t\t\t\t\t\t\t\t\t\t\t<svg class=\"svg-inline--fas-fa-phone premium-drawable-icon premium-svg-nodraw\" aria-hidden='true' xmlns='http:\/\/www.w3.org\/2000\/svg' viewBox='0 0 512 512'><path d=\"M493.4 24.6l-104-24c-11.3-2.6-22.9 3.3-27.5 13.9l-48 112c-4.2 9.8-1.4 21.3 6.9 28l60.6 49.6c-36 76.7-98.9 140.5-177.2 177.2l-49.6-60.6c-6.8-8.3-18.2-11.1-28-6.9l-112 48C3.9 366.5-2 378.1.6 389.4l24 104C27.1 504.2 36.7 512 48 512c256.1 0 464-207.5 464-464 0-11.2-7.7-20.9-18.6-23.4z\"><\/path><\/svg>\t\t\t\t\t\t\t\t\t\t\t\t\t\t\t\n\t\t\t\t\t\t\t\t\t<span >\n\t\t\t\t\t\tMe contacter\t\t\t\t\t<\/span>\n\t\t\t\t\t\t\t<\/div>\n\n\t\t\t\n\t\t\t\n\t\t\t\n\t\t<\/a>\n\n\n\t\t\t\t\t\t<\/div>\n\t\t\t\t<\/div>\n\t\t\t\t\t<\/div>\n\t\t<\/div>\n\t\t\t\t\t<\/div>\n\t\t<\/section>\n\t\t\t\t\t<\/div>\n\t\t<\/div>\n\t\t\t\t\t<\/div>\n\t\t<\/section>\n\t\t\t\t<\/div>\n\t\t","protected":false},"excerpt":{"rendered":"<p>[vc_row][vc_column width=&#8221;1\/4&#8243;][vc_single_image image=&#8221;35801&#8243; img_size=&#8221;medium&#8221; alignment=&#8221;center&#8221;][vc_empty_space height=&#8221;7px&#8221;][dt_team category=&#8221;lucie-llong-en&#8221;][\/vc_column][vc_column width=&#8221;3\/4&#8243;][dt_call_to_action content_size=&#8221;normal&#8221; background=&#8221;fancy&#8221; line=&#8221;true&#8221;] POP ART virtual gallery Other painting themes and techniques (sport, landscape, abstract, etc &#8230;) are showed in this website gallery menu. All my artworks are delivered with a certificate of authenticity, a quotation and my hand-made guarantee for art lovers. Customized artworks on demand&hellip;<\/p>\n","protected":false},"author":1,"featured_media":0,"parent":0,"menu_order":10,"comment_status":"closed","ping_status":"closed","template":"template-portfolio-jgrid.php","meta":{"footnotes":""},"class_list":["post-37248","page","type-page","status-publish","hentry"],"yoast_head":"<!-- This site is optimized with the Yoast SEO Premium plugin v26.6 (Yoast SEO v27.3) - https:\/\/yoast.com\/product\/yoast-seo-premium-wordpress\/ -->\n<title>POP ART Gallery - Lucie LLONG, artist of movement&#039;s paintings<\/title>\n<meta name=\"description\" content=\"POP ART virtual gallery - funny, colored animal and human paintings (monkey, tiger, human, etc ....) by Lucie LLONG, artist of movement\" \/>\n<meta name=\"robots\" content=\"index, follow, max-snippet:-1, max-image-preview:large, max-video-preview:-1\" \/>\n<link rel=\"canonical\" href=\"https:\/\/luciellong.com\/en\/pop-art-gallery\/\" \/>\n<meta property=\"og:locale\" content=\"en_US\" \/>\n<meta property=\"og:type\" content=\"article\" \/>\n<meta property=\"og:title\" content=\"POP ART Gallery\" \/>\n<meta property=\"og:description\" content=\"POP ART virtual gallery - funny, colored animal and human paintings (monkey, tiger, human, etc ....) by Lucie LLONG, artist of movement\" \/>\n<meta property=\"og:url\" content=\"https:\/\/luciellong.com\/en\/pop-art-gallery\/\" \/>\n<meta property=\"og:site_name\" content=\"Lucie LLONG - Artiste du sport\" \/>\n<meta property=\"article:publisher\" content=\"https:\/\/www.facebook.com\/lucie.llong\" \/>\n<meta property=\"article:modified_time\" content=\"2023-12-30T18:13:42+00:00\" \/>\n<meta name=\"twitter:card\" content=\"summary_large_image\" \/>\n<meta name=\"twitter:label1\" content=\"Est. reading time\" \/>\n\t<meta name=\"twitter:data1\" content=\"1 minute\" \/>\n<script type=\"application\/ld+json\" class=\"yoast-schema-graph\">{\"@context\":\"https:\\\/\\\/schema.org\",\"@graph\":[{\"@type\":\"WebPage\",\"@id\":\"https:\\\/\\\/luciellong.com\\\/en\\\/pop-art-gallery\\\/\",\"url\":\"https:\\\/\\\/luciellong.com\\\/en\\\/pop-art-gallery\\\/\",\"name\":\"POP ART Gallery - Lucie LLONG, artist of movement's paintings\",\"isPartOf\":{\"@id\":\"https:\\\/\\\/luciellong.com\\\/en\\\/#website\"},\"datePublished\":\"2019-01-15T10:03:47+00:00\",\"dateModified\":\"2023-12-30T18:13:42+00:00\",\"description\":\"POP ART virtual gallery - funny, colored animal and human paintings (monkey, tiger, human, etc ....) by Lucie LLONG, artist of movement\",\"breadcrumb\":{\"@id\":\"https:\\\/\\\/luciellong.com\\\/en\\\/pop-art-gallery\\\/#breadcrumb\"},\"inLanguage\":\"en-US\",\"potentialAction\":[{\"@type\":\"ReadAction\",\"target\":[\"https:\\\/\\\/luciellong.com\\\/en\\\/pop-art-gallery\\\/\"]}]},{\"@type\":\"BreadcrumbList\",\"@id\":\"https:\\\/\\\/luciellong.com\\\/en\\\/pop-art-gallery\\\/#breadcrumb\",\"itemListElement\":[{\"@type\":\"ListItem\",\"position\":1,\"name\":\"Home\",\"item\":\"https:\\\/\\\/luciellong.com\\\/en\\\/\"},{\"@type\":\"ListItem\",\"position\":2,\"name\":\"POP ART Gallery\"}]},{\"@type\":\"WebSite\",\"@id\":\"https:\\\/\\\/luciellong.com\\\/en\\\/#website\",\"url\":\"https:\\\/\\\/luciellong.com\\\/en\\\/\",\"name\":\"Lucie LLONG, artiste peintre du mouvement\",\"description\":\"\",\"publisher\":{\"@id\":\"https:\\\/\\\/luciellong.com\\\/en\\\/#\\\/schema\\\/person\\\/8c51a6062ce4cca72dd2b857399eba08\"},\"potentialAction\":[{\"@type\":\"SearchAction\",\"target\":{\"@type\":\"EntryPoint\",\"urlTemplate\":\"https:\\\/\\\/luciellong.com\\\/en\\\/?s={search_term_string}\"},\"query-input\":{\"@type\":\"PropertyValueSpecification\",\"valueRequired\":true,\"valueName\":\"search_term_string\"}}],\"inLanguage\":\"en-US\"},{\"@type\":[\"Person\",\"Organization\"],\"@id\":\"https:\\\/\\\/luciellong.com\\\/en\\\/#\\\/schema\\\/person\\\/8c51a6062ce4cca72dd2b857399eba08\",\"name\":\"lucie llong\",\"image\":{\"@type\":\"ImageObject\",\"inLanguage\":\"en-US\",\"@id\":\"https:\\\/\\\/luciellong.com\\\/wp-content\\\/uploads\\\/2015\\\/02\\\/LOGO_LUCIE_LLONG_small-e1424008368338.jpg\",\"url\":\"https:\\\/\\\/luciellong.com\\\/wp-content\\\/uploads\\\/2015\\\/02\\\/LOGO_LUCIE_LLONG_small-e1424008368338.jpg\",\"contentUrl\":\"https:\\\/\\\/luciellong.com\\\/wp-content\\\/uploads\\\/2015\\\/02\\\/LOGO_LUCIE_LLONG_small-e1424008368338.jpg\",\"width\":110,\"height\":110,\"caption\":\"lucie llong\"},\"logo\":{\"@id\":\"https:\\\/\\\/luciellong.com\\\/wp-content\\\/uploads\\\/2015\\\/02\\\/LOGO_LUCIE_LLONG_small-e1424008368338.jpg\"},\"sameAs\":[\"https:\\\/\\\/luciellong.com\",\"https:\\\/\\\/www.facebook.com\\\/lucie.llong\",\"https:\\\/\\\/www.instagram.com\\\/luciellong\\\/?hl=fr\",\"https:\\\/\\\/www.linkedin.com\\\/in\\\/lucie-llong-artiste-peintre\",\"https:\\\/\\\/www.youtube.com\\\/channel\\\/UC_ZOADSxS33RPPCF8LFnTdw\"]}]}<\/script>\n<!-- \/ Yoast SEO Premium plugin. -->","yoast_head_json":{"title":"POP ART Gallery - Lucie LLONG, artist of movement's paintings","description":"POP ART virtual gallery - funny, colored animal and human paintings (monkey, tiger, human, etc ....) by Lucie LLONG, artist of movement","robots":{"index":"index","follow":"follow","max-snippet":"max-snippet:-1","max-image-preview":"max-image-preview:large","max-video-preview":"max-video-preview:-1"},"canonical":"https:\/\/luciellong.com\/en\/pop-art-gallery\/","og_locale":"en_US","og_type":"article","og_title":"POP ART Gallery","og_description":"POP ART virtual gallery - funny, colored animal and human paintings (monkey, tiger, human, etc ....) by Lucie LLONG, artist of movement","og_url":"https:\/\/luciellong.com\/en\/pop-art-gallery\/","og_site_name":"Lucie LLONG - Artiste du sport","article_publisher":"https:\/\/www.facebook.com\/lucie.llong","article_modified_time":"2023-12-30T18:13:42+00:00","twitter_card":"summary_large_image","twitter_misc":{"Est. reading time":"1 minute"},"schema":{"@context":"https:\/\/schema.org","@graph":[{"@type":"WebPage","@id":"https:\/\/luciellong.com\/en\/pop-art-gallery\/","url":"https:\/\/luciellong.com\/en\/pop-art-gallery\/","name":"POP ART Gallery - Lucie LLONG, artist of movement's paintings","isPartOf":{"@id":"https:\/\/luciellong.com\/en\/#website"},"datePublished":"2019-01-15T10:03:47+00:00","dateModified":"2023-12-30T18:13:42+00:00","description":"POP ART virtual gallery - funny, colored animal and human paintings (monkey, tiger, human, etc ....) by Lucie LLONG, artist of movement","breadcrumb":{"@id":"https:\/\/luciellong.com\/en\/pop-art-gallery\/#breadcrumb"},"inLanguage":"en-US","potentialAction":[{"@type":"ReadAction","target":["https:\/\/luciellong.com\/en\/pop-art-gallery\/"]}]},{"@type":"BreadcrumbList","@id":"https:\/\/luciellong.com\/en\/pop-art-gallery\/#breadcrumb","itemListElement":[{"@type":"ListItem","position":1,"name":"Home","item":"https:\/\/luciellong.com\/en\/"},{"@type":"ListItem","position":2,"name":"POP ART Gallery"}]},{"@type":"WebSite","@id":"https:\/\/luciellong.com\/en\/#website","url":"https:\/\/luciellong.com\/en\/","name":"Lucie LLONG, artiste peintre du mouvement","description":"","publisher":{"@id":"https:\/\/luciellong.com\/en\/#\/schema\/person\/8c51a6062ce4cca72dd2b857399eba08"},"potentialAction":[{"@type":"SearchAction","target":{"@type":"EntryPoint","urlTemplate":"https:\/\/luciellong.com\/en\/?s={search_term_string}"},"query-input":{"@type":"PropertyValueSpecification","valueRequired":true,"valueName":"search_term_string"}}],"inLanguage":"en-US"},{"@type":["Person","Organization"],"@id":"https:\/\/luciellong.com\/en\/#\/schema\/person\/8c51a6062ce4cca72dd2b857399eba08","name":"lucie llong","image":{"@type":"ImageObject","inLanguage":"en-US","@id":"https:\/\/luciellong.com\/wp-content\/uploads\/2015\/02\/LOGO_LUCIE_LLONG_small-e1424008368338.jpg","url":"https:\/\/luciellong.com\/wp-content\/uploads\/2015\/02\/LOGO_LUCIE_LLONG_small-e1424008368338.jpg","contentUrl":"https:\/\/luciellong.com\/wp-content\/uploads\/2015\/02\/LOGO_LUCIE_LLONG_small-e1424008368338.jpg","width":110,"height":110,"caption":"lucie llong"},"logo":{"@id":"https:\/\/luciellong.com\/wp-content\/uploads\/2015\/02\/LOGO_LUCIE_LLONG_small-e1424008368338.jpg"},"sameAs":["https:\/\/luciellong.com","https:\/\/www.facebook.com\/lucie.llong","https:\/\/www.instagram.com\/luciellong\/?hl=fr","https:\/\/www.linkedin.com\/in\/lucie-llong-artiste-peintre","https:\/\/www.youtube.com\/channel\/UC_ZOADSxS33RPPCF8LFnTdw"]}]}},"_links":{"self":[{"href":"https:\/\/luciellong.com\/en\/wp-json\/wp\/v2\/pages\/37248","targetHints":{"allow":["GET"]}}],"collection":[{"href":"https:\/\/luciellong.com\/en\/wp-json\/wp\/v2\/pages"}],"about":[{"href":"https:\/\/luciellong.com\/en\/wp-json\/wp\/v2\/types\/page"}],"author":[{"embeddable":true,"href":"https:\/\/luciellong.com\/en\/wp-json\/wp\/v2\/users\/1"}],"replies":[{"embeddable":true,"href":"https:\/\/luciellong.com\/en\/wp-json\/wp\/v2\/comments?post=37248"}],"version-history":[{"count":0,"href":"https:\/\/luciellong.com\/en\/wp-json\/wp\/v2\/pages\/37248\/revisions"}],"wp:attachment":[{"href":"https:\/\/luciellong.com\/en\/wp-json\/wp\/v2\/media?parent=37248"}],"curies":[{"name":"wp","href":"https:\/\/api.w.org\/{rel}","templated":true}]}}